{"id":1667,"date":"2023-02-22T13:16:05","date_gmt":"2023-02-22T12:16:05","guid":{"rendered":"http:\/\/ig-oapi.org\/?page_id=1667"},"modified":"2023-04-26T09:48:52","modified_gmt":"2023-04-26T07:48:52","slug":"projet-de-developpement-des-indications-geographiques","status":"publish","type":"page","link":"https:\/\/ig-oapi.org\/en\/projet-de-developpement-des-indications-geographiques\/","title":{"rendered":"Projects"},"content":{"rendered":"<div data-elementor-type=\"wp-page\" data-elementor-id=\"1667\" class=\"elementor elementor-1667\">\n\t\t\t\t\t\t<section class=\"elementor-section elementor-top-section elementor-element elementor-element-64d72a16 elementor-section-height-min-height elementor-section-boxed elementor-section-height-default elementor-section-items-middle\" data-id=\"64d72a16\" data-element_type=\"section\" data-settings=\"{&quot;background_background&quot;:&quot;slideshow&quot;,&quot;background_slideshow_gallery&quot;:[{&quot;id&quot;:2327,&quot;url&quot;:&quot;http:\\\/\\\/ig-oapi.org\\\/wp-content\\\/uploads\\\/2023\\\/02\\\/7-scaled.jpg&quot;}],&quot;background_slideshow_ken_burns&quot;:&quot;yes&quot;,&quot;background_slideshow_loop&quot;:&quot;yes&quot;,&quot;background_slideshow_slide_duration&quot;:5000,&quot;background_slideshow_slide_transition&quot;:&quot;fade&quot;,&quot;background_slideshow_transition_duration&quot;:500,&quot;background_slideshow_ken_burns_zoom_direction&quot;:&quot;in&quot;}\">\n\t\t\t\t\t\t<div class=\"elementor-container elementor-column-gap-default\">\n\t\t\t\t\t<div class=\"elementor-column elementor-col-100 elementor-top-column elementor-element elementor-element-6ca798a6\" data-id=\"6ca798a6\" data-element_type=\"column\">\n\t\t\t<div class=\"elementor-widget-wrap\">\n\t\t\t\t\t\t\t<\/div>\n\t\t<\/div>\n\t\t\t\t\t<\/div>\n\t\t<\/section>\n\t\t\t\t<section class=\"elementor-section elementor-top-section elementor-element elementor-element-98dcc36 elementor-section-boxed elementor-section-height-default elementor-section-height-default\" data-id=\"98dcc36\" data-element_type=\"section\">\n\t\t\t\t\t\t<div class=\"elementor-container elementor-column-gap-default\">\n\t\t\t\t\t<div class=\"elementor-column elementor-col-100 elementor-top-column elementor-element elementor-element-2eb87374\" data-id=\"2eb87374\" data-element_type=\"column\">\n\t\t\t<div class=\"elementor-widget-wrap elementor-element-populated\">\n\t\t\t\t\t\t<section class=\"elementor-section elementor-inner-section elementor-element elementor-element-2d54a52e elementor-section-boxed elementor-section-height-default elementor-section-height-default\" data-id=\"2d54a52e\" data-element_type=\"section\">\n\t\t\t\t\t\t<div class=\"elementor-container elementor-column-gap-default\">\n\t\t\t\t\t<div class=\"elementor-column elementor-col-50 elementor-inner-column elementor-element elementor-element-358e6f2b\" data-id=\"358e6f2b\" data-element_type=\"column\">\n\t\t\t<div class=\"elementor-widget-wrap elementor-element-populated\">\n\t\t\t\t\t\t<div class=\"elementor-element elementor-element-2e420a42 elementor-widget elementor-widget-spacer\" data-id=\"2e420a42\" data-element_type=\"widget\" data-widget_type=\"spacer.default\">\n\t\t\t\t<div class=\"elementor-widget-container\">\n\t\t\t\t\t\t\t<div class=\"elementor-spacer\">\n\t\t\t<div class=\"elementor-spacer-inner\"><\/div>\n\t\t<\/div>\n\t\t\t\t\t\t<\/div>\n\t\t\t\t<\/div>\n\t\t\t\t<div class=\"elementor-element elementor-element-3097ecb9 elementor-view-default elementor-widget elementor-widget-icon\" data-id=\"3097ecb9\" data-element_type=\"widget\" data-widget_type=\"icon.default\">\n\t\t\t\t<div class=\"elementor-widget-container\">\n\t\t\t\t\t\t\t<div class=\"elementor-icon-wrapper\">\n\t\t\t<div class=\"elementor-icon\">\n\t\t\t<i aria-hidden=\"true\" class=\"fas fa-paper-plane\"><\/i>\t\t\t<\/div>\n\t\t<\/div>\n\t\t\t\t\t\t<\/div>\n\t\t\t\t<\/div>\n\t\t\t\t\t<\/div>\n\t\t<\/div>\n\t\t\t\t<div class=\"elementor-column elementor-col-50 elementor-inner-column elementor-element elementor-element-5a208705\" data-id=\"5a208705\" data-element_type=\"column\">\n\t\t\t<div class=\"elementor-widget-wrap elementor-element-populated\">\n\t\t\t\t\t\t<div class=\"elementor-element elementor-element-78c8ed4c elementor-widget elementor-widget-heading\" data-id=\"78c8ed4c\" data-element_type=\"widget\" data-widget_type=\"heading.default\">\n\t\t\t\t<div class=\"elementor-widget-container\">\n\t\t\t\t\t<h2 class=\"elementor-heading-title elementor-size-default\">development projects<br>of geographical indications<\/h2>\t\t\t\t<\/div>\n\t\t\t\t<\/div>\n\t\t\t\t\t<\/div>\n\t\t<\/div>\n\t\t\t\t\t<\/div>\n\t\t<\/section>\n\t\t\t\t\t<\/div>\n\t\t<\/div>\n\t\t\t\t\t<\/div>\n\t\t<\/section>\n\t\t\t\t<section class=\"elementor-section elementor-top-section elementor-element elementor-element-2d851e2 elementor-section-boxed elementor-section-height-default elementor-section-height-default\" data-id=\"2d851e2\" data-element_type=\"section\">\n\t\t\t\t\t\t<div class=\"elementor-container elementor-column-gap-default\">\n\t\t\t\t\t<div class=\"elementor-column elementor-col-100 elementor-top-column elementor-element elementor-element-21c5373b\" data-id=\"21c5373b\" data-element_type=\"column\">\n\t\t\t<div class=\"elementor-widget-wrap elementor-element-populated\">\n\t\t\t\t\t\t<section class=\"elementor-section elementor-inner-section elementor-element elementor-element-d412e78 elementor-section-boxed elementor-section-height-default elementor-section-height-default\" data-id=\"d412e78\" data-element_type=\"section\">\n\t\t\t\t\t\t<div class=\"elementor-container elementor-column-gap-default\">\n\t\t\t\t\t<div class=\"elementor-column elementor-col-20 elementor-inner-column elementor-element elementor-element-93a726e\" data-id=\"93a726e\" data-element_type=\"column\">\n\t\t\t<div class=\"elementor-widget-wrap elementor-element-populated\">\n\t\t\t\t\t\t<div class=\"elementor-element elementor-element-3f586427 elementor-widget elementor-widget-image\" data-id=\"3f586427\" data-element_type=\"widget\" data-widget_type=\"image.default\">\n\t\t\t\t<div class=\"elementor-widget-container\">\n\t\t\t\t\t\t\t\t\t\t\t\t\t\t\t<img fetchpriority=\"high\" decoding=\"async\" width=\"221\" height=\"230\" src=\"https:\/\/ig-oapi.org\/wp-content\/uploads\/2023\/02\/logo_pampig.png\" class=\"attachment-medium size-medium wp-image-1871\" alt=\"projet de d\u00e9veloppement des Indications G\u00e9ographiques: PAMPIG2\" srcset=\"https:\/\/ig-oapi.org\/wp-content\/uploads\/2023\/02\/logo_pampig.png 221w, https:\/\/ig-oapi.org\/wp-content\/uploads\/2023\/02\/logo_pampig-12x12.png 12w\" sizes=\"(max-width: 221px) 100vw, 221px\" style=\"width:100%;height:104.07%;max-width:221px\" \/>\t\t\t\t\t\t\t\t\t\t\t\t\t\t\t<\/div>\n\t\t\t\t<\/div>\n\t\t\t\t<div class=\"elementor-element elementor-element-2ee1e259 elementor-widget elementor-widget-heading\" data-id=\"2ee1e259\" data-element_type=\"widget\" data-widget_type=\"heading.default\">\n\t\t\t\t<div class=\"elementor-widget-container\">\n\t\t\t\t\t<h2 class=\"elementor-heading-title elementor-size-default\">PAMPIG<\/h2>\t\t\t\t<\/div>\n\t\t\t\t<\/div>\n\t\t\t\t<div class=\"elementor-element elementor-element-1dc8e2a4 elementor-widget elementor-widget-text-editor\" data-id=\"1dc8e2a4\" data-element_type=\"widget\" data-widget_type=\"text-editor.default\">\n\t\t\t\t<div class=\"elementor-widget-container\">\n\t\t\t\t\t\t\t\t\t<p>\u201cThe Project to support the implementation of geographical indications in the members states of the African Intellectual Property Organization \", abbreviated to \"PAMPIG\", is a program\nto enhance the value of African terroir products and crafts through the use of geographical indications. It is also an international cooperation project benefiting from financial support from the Agence Fran\u00e7aise de D\u00e9veloppement (AFD) and technical support from the Center for International Cooperation in Agronomic Research for Development (CIRAD).<\/p>\t\t\t\t\t\t\t\t<\/div>\n\t\t\t\t<\/div>\n\t\t\t\t<div class=\"elementor-element elementor-element-57aab0c elementor-widget elementor-widget-spacer\" data-id=\"57aab0c\" data-element_type=\"widget\" data-widget_type=\"spacer.default\">\n\t\t\t\t<div class=\"elementor-widget-container\">\n\t\t\t\t\t\t\t<div class=\"elementor-spacer\">\n\t\t\t<div class=\"elementor-spacer-inner\"><\/div>\n\t\t<\/div>\n\t\t\t\t\t\t<\/div>\n\t\t\t\t<\/div>\n\t\t\t\t<div class=\"elementor-element elementor-element-300ba5d9 elementor-widget elementor-widget-heading\" data-id=\"300ba5d9\" data-element_type=\"widget\" data-widget_type=\"heading.default\">\n\t\t\t\t<div class=\"elementor-widget-container\">\n\t\t\t\t\t<h2 class=\"elementor-heading-title elementor-size-default\"><a href=\"https:\/\/umr-innovation.cirad.fr\/recherche\/projets\/pampig-2\" target=\"_blank\">Read more<\/a><\/h2>\t\t\t\t<\/div>\n\t\t\t\t<\/div>\n\t\t\t\t\t<\/div>\n\t\t<\/div>\n\t\t\t\t<div class=\"elementor-column elementor-col-20 elementor-inner-column elementor-element elementor-element-789957d2\" data-id=\"789957d2\" data-element_type=\"column\">\n\t\t\t<div class=\"elementor-widget-wrap elementor-element-populated\">\n\t\t\t\t\t\t<div class=\"elementor-element elementor-element-7420c37c elementor-widget elementor-widget-spacer\" data-id=\"7420c37c\" data-element_type=\"widget\" data-widget_type=\"spacer.default\">\n\t\t\t\t<div class=\"elementor-widget-container\">\n\t\t\t\t\t\t\t<div class=\"elementor-spacer\">\n\t\t\t<div class=\"elementor-spacer-inner\"><\/div>\n\t\t<\/div>\n\t\t\t\t\t\t<\/div>\n\t\t\t\t<\/div>\n\t\t\t\t\t<\/div>\n\t\t<\/div>\n\t\t\t\t<div class=\"elementor-column elementor-col-20 elementor-inner-column elementor-element elementor-element-3a803daa\" data-id=\"3a803daa\" data-element_type=\"column\">\n\t\t\t<div class=\"elementor-widget-wrap elementor-element-populated\">\n\t\t\t\t\t\t<div class=\"elementor-element elementor-element-37b2cdd9 elementor-widget elementor-widget-image\" data-id=\"37b2cdd9\" data-element_type=\"widget\" data-widget_type=\"image.default\">\n\t\t\t\t<div class=\"elementor-widget-container\">\n\t\t\t\t\t\t\t\t\t\t\t\t\t\t\t<img decoding=\"async\" width=\"273\" height=\"184\" src=\"https:\/\/ig-oapi.org\/wp-content\/uploads\/2023\/02\/telechargement.jpg\" class=\"attachment-1536x1536 size-1536x1536 wp-image-1687\" alt=\"\" srcset=\"https:\/\/ig-oapi.org\/wp-content\/uploads\/2023\/02\/telechargement.jpg 273w, https:\/\/ig-oapi.org\/wp-content\/uploads\/2023\/02\/telechargement-18x12.jpg 18w\" sizes=\"(max-width: 273px) 100vw, 273px\" style=\"width:100%;height:67.4%;max-width:273px\" \/>\t\t\t\t\t\t\t\t\t\t\t\t\t\t\t<\/div>\n\t\t\t\t<\/div>\n\t\t\t\t<div class=\"elementor-element elementor-element-5441dcd elementor-widget elementor-widget-heading\" data-id=\"5441dcd\" data-element_type=\"widget\" data-widget_type=\"heading.default\">\n\t\t\t\t<div class=\"elementor-widget-container\">\n\t\t\t\t\t<h2 class=\"elementor-heading-title elementor-size-default\">Project 2IG\/MC<\/h2>\t\t\t\t<\/div>\n\t\t\t\t<\/div>\n\t\t\t\t<div class=\"elementor-element elementor-element-1e533f8a elementor-widget elementor-widget-text-editor\" data-id=\"1e533f8a\" data-element_type=\"widget\" data-widget_type=\"text-editor.default\">\n\t\t\t\t<div class=\"elementor-widget-container\">\n\t\t\t\t\t\t\t\t\t<p>Project 2 GI\/MC is a project set up and financed by OAPI from its own funds. Its aim is to provide each OAPI member state with a collective Geographical Indication and\/or Trademark for one or more emblematic products. The aim of this initiative is to amplify the regional dynamics of Geographical Indications, on the one hand, and to sensitize OAPI member states to the appropriation of the Collective Mark as a credible alternative in the valorization of local products and crafts.<\/p>\t\t\t\t\t\t\t\t<\/div>\n\t\t\t\t<\/div>\n\t\t\t\t<div class=\"elementor-element elementor-element-d174abe elementor-widget elementor-widget-spacer\" data-id=\"d174abe\" data-element_type=\"widget\" data-widget_type=\"spacer.default\">\n\t\t\t\t<div class=\"elementor-widget-container\">\n\t\t\t\t\t\t\t<div class=\"elementor-spacer\">\n\t\t\t<div class=\"elementor-spacer-inner\"><\/div>\n\t\t<\/div>\n\t\t\t\t\t\t<\/div>\n\t\t\t\t<\/div>\n\t\t\t\t<div class=\"elementor-element elementor-element-67521812 elementor-widget elementor-widget-heading\" data-id=\"67521812\" data-element_type=\"widget\" data-widget_type=\"heading.default\">\n\t\t\t\t<div class=\"elementor-widget-container\">\n\t\t\t\t\t<h2 class=\"elementor-heading-title elementor-size-default\"><a href=\"https:\/\/ig-oapi.org\/en\/2023\/02\/25\/loapi-et-les-indications-geographiques\/\">Read more<\/a><\/h2>\t\t\t\t<\/div>\n\t\t\t\t<\/div>\n\t\t\t\t\t<\/div>\n\t\t<\/div>\n\t\t\t\t<div class=\"elementor-column elementor-col-20 elementor-inner-column elementor-element elementor-element-438349c3\" data-id=\"438349c3\" data-element_type=\"column\">\n\t\t\t<div class=\"elementor-widget-wrap elementor-element-populated\">\n\t\t\t\t\t\t<div class=\"elementor-element elementor-element-18fc59f2 elementor-widget elementor-widget-spacer\" data-id=\"18fc59f2\" data-element_type=\"widget\" data-widget_type=\"spacer.default\">\n\t\t\t\t<div class=\"elementor-widget-container\">\n\t\t\t\t\t\t\t<div class=\"elementor-spacer\">\n\t\t\t<div class=\"elementor-spacer-inner\"><\/div>\n\t\t<\/div>\n\t\t\t\t\t\t<\/div>\n\t\t\t\t<\/div>\n\t\t\t\t\t<\/div>\n\t\t<\/div>\n\t\t\t\t<div class=\"elementor-column elementor-col-20 elementor-inner-column elementor-element elementor-element-337adc47\" data-id=\"337adc47\" data-element_type=\"column\">\n\t\t\t<div class=\"elementor-widget-wrap elementor-element-populated\">\n\t\t\t\t\t\t<div class=\"elementor-element elementor-element-59fd9168 elementor-widget elementor-widget-image\" data-id=\"59fd9168\" data-element_type=\"widget\" data-widget_type=\"image.default\">\n\t\t\t\t<div class=\"elementor-widget-container\">\n\t\t\t\t\t\t\t\t\t\t\t\t\t\t\t<img decoding=\"async\" width=\"266\" height=\"189\" src=\"https:\/\/ig-oapi.org\/wp-content\/uploads\/2023\/02\/telechargement-1.png\" class=\"attachment-large size-large wp-image-1684\" alt=\"projet de d\u00e9veloppement des Indications G\u00e9ographiques : AfriPI\" srcset=\"https:\/\/ig-oapi.org\/wp-content\/uploads\/2023\/02\/telechargement-1.png 266w, https:\/\/ig-oapi.org\/wp-content\/uploads\/2023\/02\/telechargement-1-18x12.png 18w\" sizes=\"(max-width: 266px) 100vw, 266px\" style=\"width:100%;height:71.05%;max-width:266px\" \/>\t\t\t\t\t\t\t\t\t\t\t\t\t\t\t<\/div>\n\t\t\t\t<\/div>\n\t\t\t\t<div class=\"elementor-element elementor-element-4f6aaa84 elementor-widget elementor-widget-heading\" data-id=\"4f6aaa84\" data-element_type=\"widget\" data-widget_type=\"heading.default\">\n\t\t\t\t<div class=\"elementor-widget-container\">\n\t\t\t\t\t<h2 class=\"elementor-heading-title elementor-size-default\">AfriPI<\/h2>\t\t\t\t<\/div>\n\t\t\t\t<\/div>\n\t\t\t\t<div class=\"elementor-element elementor-element-e048786 elementor-widget elementor-widget-text-editor\" data-id=\"e048786\" data-element_type=\"widget\" data-widget_type=\"text-editor.default\">\n\t\t\t\t<div class=\"elementor-widget-container\">\n\t\t\t\t\t\t\t\t\t<p>The Intellectual Property Rights and Innovation in Africa project (also known as AfrIPI) is an international cooperation project funded and managed by the European Union, co-financed and implemented by the European Union Intellectual Property Office (EUIPO), in partnership with African regional and national institutions, notably the African Intellectual Property Organization (OAPI) and the African Regional Intellectual Property Organization (ARIPO).<\/p><p>AfrIPI's overall objective is to facilitate intra-African trade and investment between Africa and Europe.<\/p><p>One aspect of this project is to support the development of geographical indications, in line with international and European best practice, and in support of the African Continental Free Trade Area (AfCFTA) and the African Union's Agenda 2063.<\/p>\t\t\t\t\t\t\t\t<\/div>\n\t\t\t\t<\/div>\n\t\t\t\t<div class=\"elementor-element elementor-element-1a0df2d2 elementor-widget elementor-widget-heading\" data-id=\"1a0df2d2\" data-element_type=\"widget\" data-widget_type=\"heading.default\">\n\t\t\t\t<div class=\"elementor-widget-container\">\n\t\t\t\t\t<h2 class=\"elementor-heading-title elementor-size-default\"><a href=\"https:\/\/internationalipcooperation.eu\/en\/afripi\" target=\"_blank\">Read more<\/a><\/h2>\t\t\t\t<\/div>\n\t\t\t\t<\/div>\n\t\t\t\t\t<\/div>\n\t\t<\/div>\n\t\t\t\t\t<\/div>\n\t\t<\/section>\n\t\t\t\t\t<\/div>\n\t\t<\/div>\n\t\t\t\t\t<\/div>\n\t\t<\/section>\n\t\t\t\t<\/div>","protected":false},"excerpt":{"rendered":"<p>PROJETS de d\u00e9veloppementdes Indications g\u00e9ographiques PAMPIG Le Projet d\u2019appuis \u00e0 la mise en place des indications g\u00e9ographiques dans les Etats membres de l\u2019Organisation Africaine de la Propri\u00e9t\u00e9 Intellectuelle, en abr\u00e9g\u00e9 \u00ab\u00a0PAMPIG\u00a0\u00bb, est un programme de valorisation des produits de terroir et de l\u2019artisanat africains par le m\u00e9canisme des indications g\u00e9ographiques. C\u2019est \u00e9galement un projet de&hellip; <a class=\"more-link\" href=\"https:\/\/ig-oapi.org\/en\/projet-de-developpement-des-indications-geographiques\/\">Continue reading <span class=\"screen-reader-text\">Projects<\/span><\/a><\/p>","protected":false},"author":1,"featured_media":0,"parent":0,"menu_order":0,"comment_status":"closed","ping_status":"closed","template":"elementor_header_footer","meta":{"footnotes":""},"class_list":["post-1667","page","type-page","status-publish","hentry","entry"],"yoast_head":"<!-- This site is optimized with the Yoast SEO plugin v21.7 - https:\/\/yoast.com\/wordpress\/plugins\/seo\/ -->\n<title>Projet de d\u00e9veloppement des Indications G\u00e9ographiques<\/title>\n<meta name=\"description\" content=\"Le projet de d\u00e9veloppement des Indications G\u00e9ographiques \u00e0 l&#039;OAPI est une activit\u00e9 continue qui b\u00e9n\u00e9ficie de l&#039;appui de plusieurs partenaires\" \/>\n<meta name=\"robots\" content=\"index, follow, max-snippet:-1, max-image-preview:large, max-video-preview:-1\" \/>\n<link rel=\"canonical\" href=\"https:\/\/ig-oapi.org\/en\/projet-de-developpement-des-indications-geographiques\/\" \/>\n<meta property=\"og:locale\" content=\"en_US\" \/>\n<meta property=\"og:type\" content=\"article\" \/>\n<meta property=\"og:title\" content=\"Projet de d\u00e9veloppement des Indications G\u00e9ographiques\" \/>\n<meta property=\"og:description\" content=\"Le projet de d\u00e9veloppement des Indications G\u00e9ographiques \u00e0 l&#039;OAPI est une activit\u00e9 continue qui b\u00e9n\u00e9ficie de l&#039;appui de plusieurs partenaires\" \/>\n<meta property=\"og:url\" content=\"https:\/\/ig-oapi.org\/en\/projet-de-developpement-des-indications-geographiques\/\" \/>\n<meta property=\"og:site_name\" content=\"OAPI - Indications G\u00e9ographiques\" \/>\n<meta property=\"article:modified_time\" content=\"2023-04-26T07:48:52+00:00\" \/>\n<meta property=\"og:image\" content=\"https:\/\/ig-oapi.org\/wp-content\/uploads\/2023\/02\/logo_pampig.png\" \/>\n<meta name=\"twitter:card\" content=\"summary_large_image\" \/>\n<meta name=\"twitter:label1\" content=\"Est. reading time\" \/>\n\t<meta name=\"twitter:data1\" content=\"3 minutes\" \/>\n<script type=\"application\/ld+json\" class=\"yoast-schema-graph\">{\"@context\":\"https:\/\/schema.org\",\"@graph\":[{\"@type\":\"WebPage\",\"@id\":\"https:\/\/ig-oapi.org\/projet-de-developpement-des-indications-geographiques\/\",\"url\":\"https:\/\/ig-oapi.org\/projet-de-developpement-des-indications-geographiques\/\",\"name\":\"Projet de d\u00e9veloppement des Indications G\u00e9ographiques\",\"isPartOf\":{\"@id\":\"https:\/\/ig-oapi.org\/#website\"},\"datePublished\":\"2023-02-22T12:16:05+00:00\",\"dateModified\":\"2023-04-26T07:48:52+00:00\",\"description\":\"Le projet de d\u00e9veloppement des Indications G\u00e9ographiques \u00e0 l'OAPI est une activit\u00e9 continue qui b\u00e9n\u00e9ficie de l'appui de plusieurs partenaires\",\"breadcrumb\":{\"@id\":\"https:\/\/ig-oapi.org\/projet-de-developpement-des-indications-geographiques\/#breadcrumb\"},\"inLanguage\":\"en-US\",\"potentialAction\":[{\"@type\":\"ReadAction\",\"target\":[\"https:\/\/ig-oapi.org\/projet-de-developpement-des-indications-geographiques\/\"]}]},{\"@type\":\"BreadcrumbList\",\"@id\":\"https:\/\/ig-oapi.org\/projet-de-developpement-des-indications-geographiques\/#breadcrumb\",\"itemListElement\":[{\"@type\":\"ListItem\",\"position\":1,\"name\":\"Accueil\",\"item\":\"https:\/\/ig-oapi.org\/\"},{\"@type\":\"ListItem\",\"position\":2,\"name\":\"Projets\"}]},{\"@type\":\"WebSite\",\"@id\":\"https:\/\/ig-oapi.org\/#website\",\"url\":\"https:\/\/ig-oapi.org\/\",\"name\":\"OAPI - Indications G\u00e9ographiques\",\"description\":\"Valoriser les richesses de nos terroirs\",\"publisher\":{\"@id\":\"https:\/\/ig-oapi.org\/#organization\"},\"potentialAction\":[{\"@type\":\"SearchAction\",\"target\":{\"@type\":\"EntryPoint\",\"urlTemplate\":\"https:\/\/ig-oapi.org\/?s={search_term_string}\"},\"query-input\":\"required name=search_term_string\"}],\"inLanguage\":\"en-US\"},{\"@type\":\"Organization\",\"@id\":\"https:\/\/ig-oapi.org\/#organization\",\"name\":\"Organisation Africain de la Propri\u00e9t\u00e9 Intellectuelle - PAMPIG\",\"alternateName\":\"Organisation Africain de la Propri\u00e9t\u00e9 Intellectuelle - PAMPIG\",\"url\":\"https:\/\/ig-oapi.org\/\",\"logo\":{\"@type\":\"ImageObject\",\"inLanguage\":\"en-US\",\"@id\":\"https:\/\/ig-oapi.org\/#\/schema\/logo\/image\/\",\"url\":\"https:\/\/ig-oapi.org\/wp-content\/uploads\/2023\/02\/Logos-OAPI_new_new.png\",\"contentUrl\":\"https:\/\/ig-oapi.org\/wp-content\/uploads\/2023\/02\/Logos-OAPI_new_new.png\",\"width\":6048,\"height\":2453,\"caption\":\"Organisation Africain de la Propri\u00e9t\u00e9 Intellectuelle - PAMPIG\"},\"image\":{\"@id\":\"https:\/\/ig-oapi.org\/#\/schema\/logo\/image\/\"}}]}<\/script>\n<!-- \/ Yoast SEO plugin. -->","yoast_head_json":{"title":"Projet de d\u00e9veloppement des Indications G\u00e9ographiques","description":"Le projet de d\u00e9veloppement des Indications G\u00e9ographiques \u00e0 l'OAPI est une activit\u00e9 continue qui b\u00e9n\u00e9ficie de l'appui de plusieurs partenaires","robots":{"index":"index","follow":"follow","max-snippet":"max-snippet:-1","max-image-preview":"max-image-preview:large","max-video-preview":"max-video-preview:-1"},"canonical":"https:\/\/ig-oapi.org\/en\/projet-de-developpement-des-indications-geographiques\/","og_locale":"en_US","og_type":"article","og_title":"Projet de d\u00e9veloppement des Indications G\u00e9ographiques","og_description":"Le projet de d\u00e9veloppement des Indications G\u00e9ographiques \u00e0 l'OAPI est une activit\u00e9 continue qui b\u00e9n\u00e9ficie de l'appui de plusieurs partenaires","og_url":"https:\/\/ig-oapi.org\/en\/projet-de-developpement-des-indications-geographiques\/","og_site_name":"OAPI - Indications G\u00e9ographiques","article_modified_time":"2023-04-26T07:48:52+00:00","og_image":[{"url":"https:\/\/ig-oapi.org\/wp-content\/uploads\/2023\/02\/logo_pampig.png"}],"twitter_card":"summary_large_image","twitter_misc":{"Est. reading time":"3 minutes"},"schema":{"@context":"https:\/\/schema.org","@graph":[{"@type":"WebPage","@id":"https:\/\/ig-oapi.org\/projet-de-developpement-des-indications-geographiques\/","url":"https:\/\/ig-oapi.org\/projet-de-developpement-des-indications-geographiques\/","name":"Projet de d\u00e9veloppement des Indications G\u00e9ographiques","isPartOf":{"@id":"https:\/\/ig-oapi.org\/#website"},"datePublished":"2023-02-22T12:16:05+00:00","dateModified":"2023-04-26T07:48:52+00:00","description":"Le projet de d\u00e9veloppement des Indications G\u00e9ographiques \u00e0 l'OAPI est une activit\u00e9 continue qui b\u00e9n\u00e9ficie de l'appui de plusieurs partenaires","breadcrumb":{"@id":"https:\/\/ig-oapi.org\/projet-de-developpement-des-indications-geographiques\/#breadcrumb"},"inLanguage":"en-US","potentialAction":[{"@type":"ReadAction","target":["https:\/\/ig-oapi.org\/projet-de-developpement-des-indications-geographiques\/"]}]},{"@type":"BreadcrumbList","@id":"https:\/\/ig-oapi.org\/projet-de-developpement-des-indications-geographiques\/#breadcrumb","itemListElement":[{"@type":"ListItem","position":1,"name":"Accueil","item":"https:\/\/ig-oapi.org\/"},{"@type":"ListItem","position":2,"name":"Projets"}]},{"@type":"WebSite","@id":"https:\/\/ig-oapi.org\/#website","url":"https:\/\/ig-oapi.org\/","name":"OAPI - Indications G\u00e9ographiques","description":"Valoriser les richesses de nos terroirs","publisher":{"@id":"https:\/\/ig-oapi.org\/#organization"},"potentialAction":[{"@type":"SearchAction","target":{"@type":"EntryPoint","urlTemplate":"https:\/\/ig-oapi.org\/?s={search_term_string}"},"query-input":"required name=search_term_string"}],"inLanguage":"en-US"},{"@type":"Organization","@id":"https:\/\/ig-oapi.org\/#organization","name":"Organisation Africain de la Propri\u00e9t\u00e9 Intellectuelle - PAMPIG","alternateName":"Organisation Africain de la Propri\u00e9t\u00e9 Intellectuelle - PAMPIG","url":"https:\/\/ig-oapi.org\/","logo":{"@type":"ImageObject","inLanguage":"en-US","@id":"https:\/\/ig-oapi.org\/#\/schema\/logo\/image\/","url":"https:\/\/ig-oapi.org\/wp-content\/uploads\/2023\/02\/Logos-OAPI_new_new.png","contentUrl":"https:\/\/ig-oapi.org\/wp-content\/uploads\/2023\/02\/Logos-OAPI_new_new.png","width":6048,"height":2453,"caption":"Organisation Africain de la Propri\u00e9t\u00e9 Intellectuelle - PAMPIG"},"image":{"@id":"https:\/\/ig-oapi.org\/#\/schema\/logo\/image\/"}}]}},"_links":{"self":[{"href":"https:\/\/ig-oapi.org\/en\/wp-json\/wp\/v2\/pages\/1667","targetHints":{"allow":["GET"]}}],"collection":[{"href":"https:\/\/ig-oapi.org\/en\/wp-json\/wp\/v2\/pages"}],"about":[{"href":"https:\/\/ig-oapi.org\/en\/wp-json\/wp\/v2\/types\/page"}],"author":[{"embeddable":true,"href":"https:\/\/ig-oapi.org\/en\/wp-json\/wp\/v2\/users\/1"}],"replies":[{"embeddable":true,"href":"https:\/\/ig-oapi.org\/en\/wp-json\/wp\/v2\/comments?post=1667"}],"version-history":[{"count":0,"href":"https:\/\/ig-oapi.org\/en\/wp-json\/wp\/v2\/pages\/1667\/revisions"}],"wp:attachment":[{"href":"https:\/\/ig-oapi.org\/en\/wp-json\/wp\/v2\/media?parent=1667"}],"curies":[{"name":"wp","href":"https:\/\/api.w.org\/{rel}","templated":true}]}}