{"id":2111,"date":"2023-02-25T13:53:57","date_gmt":"2023-02-25T12:53:57","guid":{"rendered":"http:\/\/ig-oapi.org\/?page_id=2111"},"modified":"2023-04-24T19:03:09","modified_gmt":"2023-04-24T17:03:09","slug":"partenaires","status":"publish","type":"page","link":"https:\/\/ig-oapi.org\/en\/partenaires\/","title":{"rendered":"partners"},"content":{"rendered":"<div data-elementor-type=\"wp-page\" data-elementor-id=\"2111\" class=\"elementor elementor-2111\">\n\t\t\t\t\t\t<section class=\"elementor-section elementor-top-section elementor-element elementor-element-64d72a16 elementor-section-height-min-height elementor-section-boxed elementor-section-height-default elementor-section-items-middle\" data-id=\"64d72a16\" data-element_type=\"section\" data-settings=\"{&quot;background_background&quot;:&quot;slideshow&quot;,&quot;background_slideshow_gallery&quot;:[{&quot;id&quot;:2121,&quot;url&quot;:&quot;http:\\\/\\\/ig-oapi.org\\\/wp-content\\\/uploads\\\/2023\\\/02\\\/LKM_4029-scaled.jpg&quot;}],&quot;background_slideshow_ken_burns&quot;:&quot;yes&quot;,&quot;background_slideshow_loop&quot;:&quot;yes&quot;,&quot;background_slideshow_slide_duration&quot;:5000,&quot;background_slideshow_slide_transition&quot;:&quot;fade&quot;,&quot;background_slideshow_transition_duration&quot;:500,&quot;background_slideshow_ken_burns_zoom_direction&quot;:&quot;in&quot;}\">\n\t\t\t\t\t\t<div class=\"elementor-container elementor-column-gap-default\">\n\t\t\t\t\t<div class=\"elementor-column elementor-col-100 elementor-top-column elementor-element elementor-element-6ca798a6\" data-id=\"6ca798a6\" data-element_type=\"column\">\n\t\t\t<div class=\"elementor-widget-wrap\">\n\t\t\t\t\t\t\t<\/div>\n\t\t<\/div>\n\t\t\t\t\t<\/div>\n\t\t<\/section>\n\t\t\t\t<section class=\"elementor-section elementor-top-section elementor-element elementor-element-98dcc36 elementor-section-boxed elementor-section-height-default elementor-section-height-default\" data-id=\"98dcc36\" data-element_type=\"section\">\n\t\t\t\t\t\t<div class=\"elementor-container elementor-column-gap-default\">\n\t\t\t\t\t<div class=\"elementor-column elementor-col-100 elementor-top-column elementor-element elementor-element-2eb87374\" data-id=\"2eb87374\" data-element_type=\"column\">\n\t\t\t<div class=\"elementor-widget-wrap elementor-element-populated\">\n\t\t\t\t\t\t<section class=\"elementor-section elementor-inner-section elementor-element elementor-element-2d54a52e elementor-section-boxed elementor-section-height-default elementor-section-height-default\" data-id=\"2d54a52e\" data-element_type=\"section\">\n\t\t\t\t\t\t<div class=\"elementor-container elementor-column-gap-default\">\n\t\t\t\t\t<div class=\"elementor-column elementor-col-50 elementor-inner-column elementor-element elementor-element-358e6f2b\" data-id=\"358e6f2b\" data-element_type=\"column\">\n\t\t\t<div class=\"elementor-widget-wrap elementor-element-populated\">\n\t\t\t\t\t\t<div class=\"elementor-element elementor-element-2e420a42 elementor-widget elementor-widget-spacer\" data-id=\"2e420a42\" data-element_type=\"widget\" data-widget_type=\"spacer.default\">\n\t\t\t\t<div class=\"elementor-widget-container\">\n\t\t\t\t\t\t\t<div class=\"elementor-spacer\">\n\t\t\t<div class=\"elementor-spacer-inner\"><\/div>\n\t\t<\/div>\n\t\t\t\t\t\t<\/div>\n\t\t\t\t<\/div>\n\t\t\t\t<div class=\"elementor-element elementor-element-3097ecb9 elementor-view-default elementor-widget elementor-widget-icon\" data-id=\"3097ecb9\" data-element_type=\"widget\" data-widget_type=\"icon.default\">\n\t\t\t\t<div class=\"elementor-widget-container\">\n\t\t\t\t\t\t\t<div class=\"elementor-icon-wrapper\">\n\t\t\t<div class=\"elementor-icon\">\n\t\t\t<i aria-hidden=\"true\" class=\"fas fa-paper-plane\"><\/i>\t\t\t<\/div>\n\t\t<\/div>\n\t\t\t\t\t\t<\/div>\n\t\t\t\t<\/div>\n\t\t\t\t\t<\/div>\n\t\t<\/div>\n\t\t\t\t<div class=\"elementor-column elementor-col-50 elementor-inner-column elementor-element elementor-element-5a208705\" data-id=\"5a208705\" data-element_type=\"column\">\n\t\t\t<div class=\"elementor-widget-wrap elementor-element-populated\">\n\t\t\t\t\t\t<div class=\"elementor-element elementor-element-78c8ed4c elementor-widget elementor-widget-heading\" data-id=\"78c8ed4c\" data-element_type=\"widget\" data-widget_type=\"heading.default\">\n\t\t\t\t<div class=\"elementor-widget-container\">\n\t\t\t\t\t<h2 class=\"elementor-heading-title elementor-size-default\">FOCUS SUR <br>NOS PARTENAIRES<\/h2>\t\t\t\t<\/div>\n\t\t\t\t<\/div>\n\t\t\t\t\t<\/div>\n\t\t<\/div>\n\t\t\t\t\t<\/div>\n\t\t<\/section>\n\t\t\t\t\t<\/div>\n\t\t<\/div>\n\t\t\t\t\t<\/div>\n\t\t<\/section>\n\t\t\t\t<section class=\"elementor-section elementor-top-section elementor-element elementor-element-2d851e2 elementor-section-boxed elementor-section-height-default elementor-section-height-default\" data-id=\"2d851e2\" data-element_type=\"section\">\n\t\t\t\t\t\t<div class=\"elementor-container elementor-column-gap-default\">\n\t\t\t\t\t<div class=\"elementor-column elementor-col-100 elementor-top-column elementor-element elementor-element-21c5373b\" data-id=\"21c5373b\" data-element_type=\"column\">\n\t\t\t<div class=\"elementor-widget-wrap elementor-element-populated\">\n\t\t\t\t\t\t<section class=\"elementor-section elementor-inner-section elementor-element elementor-element-d412e78 elementor-section-boxed elementor-section-height-default elementor-section-height-default\" data-id=\"d412e78\" data-element_type=\"section\">\n\t\t\t\t\t\t<div class=\"elementor-container elementor-column-gap-default\">\n\t\t\t\t\t<div class=\"elementor-column elementor-col-20 elementor-inner-column elementor-element elementor-element-93a726e\" data-id=\"93a726e\" data-element_type=\"column\">\n\t\t\t<div class=\"elementor-widget-wrap elementor-element-populated\">\n\t\t\t\t\t\t<div class=\"elementor-element elementor-element-3f586427 elementor-widget elementor-widget-image\" data-id=\"3f586427\" data-element_type=\"widget\" data-widget_type=\"image.default\">\n\t\t\t\t<div class=\"elementor-widget-container\">\n\t\t\t\t\t\t\t\t\t\t\t\t\t\t\t<img fetchpriority=\"high\" decoding=\"async\" width=\"225\" height=\"225\" src=\"https:\/\/ig-oapi.org\/wp-content\/uploads\/2022\/11\/AFD.jpg\" class=\"attachment-1536x1536 size-1536x1536 wp-image-1503\" alt=\"\" srcset=\"https:\/\/ig-oapi.org\/wp-content\/uploads\/2022\/11\/AFD.jpg 225w, https:\/\/ig-oapi.org\/wp-content\/uploads\/2022\/11\/AFD-150x150.jpg 150w, https:\/\/ig-oapi.org\/wp-content\/uploads\/2022\/11\/AFD-12x12.jpg 12w\" sizes=\"(max-width: 225px) 100vw, 225px\" style=\"width:100%;height:100%;max-width:225px\" \/>\t\t\t\t\t\t\t\t\t\t\t\t\t\t\t<\/div>\n\t\t\t\t<\/div>\n\t\t\t\t<div class=\"elementor-element elementor-element-2ee1e259 elementor-widget elementor-widget-heading\" data-id=\"2ee1e259\" data-element_type=\"widget\" data-widget_type=\"heading.default\">\n\t\t\t\t<div class=\"elementor-widget-container\">\n\t\t\t\t\t<h2 class=\"elementor-heading-title elementor-size-default\">AFD<\/h2>\t\t\t\t<\/div>\n\t\t\t\t<\/div>\n\t\t\t\t<div class=\"elementor-element elementor-element-1dc8e2a4 elementor-widget elementor-widget-text-editor\" data-id=\"1dc8e2a4\" data-element_type=\"widget\" data-widget_type=\"text-editor.default\">\n\t\t\t\t<div class=\"elementor-widget-container\">\n\t\t\t\t\t\t\t\t\t<p>L\u2019AFD est une institution financi\u00e8re publique qui met en \u0153uvre la politique de d\u00e9veloppement de la France, agit pour combattre la pauvret\u00e9 et favoriser le d\u00e9veloppement durable.<\/p><p>L\u2019AFD est principal partenaire financier du Projet d\u2019appuis \u00e0 la mise en place des indications g\u00e9ographiques dans les Etats membres de l\u2019OAPI (PAMPIG).<\/p><p>Le si\u00e8ge de l\u2019AFD se trouve \u00e0 Paris, 5 Rue Roland-Barthes, 75012 <\/p>\t\t\t\t\t\t\t\t<\/div>\n\t\t\t\t<\/div>\n\t\t\t\t<div class=\"elementor-element elementor-element-300ba5d9 elementor-widget elementor-widget-heading\" data-id=\"300ba5d9\" data-element_type=\"widget\" data-widget_type=\"heading.default\">\n\t\t\t\t<div class=\"elementor-widget-container\">\n\t\t\t\t\t<h2 class=\"elementor-heading-title elementor-size-default\"><a href=\"http:\/\/www.afd.fr\">Pour plus d'informations<\/a><\/h2>\t\t\t\t<\/div>\n\t\t\t\t<\/div>\n\t\t\t\t\t<\/div>\n\t\t<\/div>\n\t\t\t\t<div class=\"elementor-column elementor-col-20 elementor-inner-column elementor-element elementor-element-789957d2\" data-id=\"789957d2\" data-element_type=\"column\">\n\t\t\t<div class=\"elementor-widget-wrap elementor-element-populated\">\n\t\t\t\t\t\t<div class=\"elementor-element elementor-element-7420c37c elementor-widget elementor-widget-spacer\" data-id=\"7420c37c\" data-element_type=\"widget\" data-widget_type=\"spacer.default\">\n\t\t\t\t<div class=\"elementor-widget-container\">\n\t\t\t\t\t\t\t<div class=\"elementor-spacer\">\n\t\t\t<div class=\"elementor-spacer-inner\"><\/div>\n\t\t<\/div>\n\t\t\t\t\t\t<\/div>\n\t\t\t\t<\/div>\n\t\t\t\t\t<\/div>\n\t\t<\/div>\n\t\t\t\t<div class=\"elementor-column elementor-col-20 elementor-inner-column elementor-element elementor-element-3a803daa\" data-id=\"3a803daa\" data-element_type=\"column\">\n\t\t\t<div class=\"elementor-widget-wrap elementor-element-populated\">\n\t\t\t\t\t\t<div class=\"elementor-element elementor-element-37b2cdd9 elementor-widget elementor-widget-image\" data-id=\"37b2cdd9\" data-element_type=\"widget\" data-widget_type=\"image.default\">\n\t\t\t\t<div class=\"elementor-widget-container\">\n\t\t\t\t\t\t\t\t\t\t\t\t\t\t\t<img decoding=\"async\" width=\"255\" height=\"197\" src=\"https:\/\/ig-oapi.org\/wp-content\/uploads\/2023\/02\/telechargement.png\" class=\"attachment-1536x1536 size-1536x1536 wp-image-1593\" alt=\"\" srcset=\"https:\/\/ig-oapi.org\/wp-content\/uploads\/2023\/02\/telechargement.png 255w, https:\/\/ig-oapi.org\/wp-content\/uploads\/2023\/02\/telechargement-16x12.png 16w\" sizes=\"(max-width: 255px) 100vw, 255px\" style=\"width:100%;height:77.25%;max-width:255px\" \/>\t\t\t\t\t\t\t\t\t\t\t\t\t\t\t<\/div>\n\t\t\t\t<\/div>\n\t\t\t\t<div class=\"elementor-element elementor-element-5441dcd elementor-widget elementor-widget-heading\" data-id=\"5441dcd\" data-element_type=\"widget\" data-widget_type=\"heading.default\">\n\t\t\t\t<div class=\"elementor-widget-container\">\n\t\t\t\t\t<h2 class=\"elementor-heading-title elementor-size-default\">OMPI<\/h2>\t\t\t\t<\/div>\n\t\t\t\t<\/div>\n\t\t\t\t<div class=\"elementor-element elementor-element-1e533f8a elementor-widget elementor-widget-text-editor\" data-id=\"1e533f8a\" data-element_type=\"widget\" data-widget_type=\"text-editor.default\">\n\t\t\t\t<div class=\"elementor-widget-container\">\n\t\t\t\t\t\t\t\t\t<p>L\u2019OMPI est l\u2019une des 15 Agences sp\u00e9cialis\u00e9es des Nations-Unies (ONU). Sa mission essentielle est de stimuler la cr\u00e9ativit\u00e9 et le d\u00e9veloppement \u00e9conomique en promouvant un syst\u00e8me international de la propri\u00e9t\u00e9 intellectuelle, la coop\u00e9ration entre les Etats.<\/p><p>A travers la Division Marques, Dessins et mod\u00e8les industriels et Indications g\u00e9ographiques et le Bureau de coop\u00e9ration pour l\u2019Afrique (Bureau Afrique), l\u2019OMPI soutient plusieurs projets sur les indications g\u00e9ographiques en partenariat avec l\u2019OAPI, dans les Etats membres. Il en est ainsi du Madd de Casamance au S\u00e9n\u00e9gal, du Riz de Coiv\u00e9 au Togo.<\/p>\t\t\t\t\t\t\t\t<\/div>\n\t\t\t\t<\/div>\n\t\t\t\t<div class=\"elementor-element elementor-element-67521812 elementor-widget elementor-widget-heading\" data-id=\"67521812\" data-element_type=\"widget\" data-widget_type=\"heading.default\">\n\t\t\t\t<div class=\"elementor-widget-container\">\n\t\t\t\t\t<h2 class=\"elementor-heading-title elementor-size-default\"><a href=\"http:\/\/www.wipo.int%20%20\">Pour plus d'informations<\/a><\/h2>\t\t\t\t<\/div>\n\t\t\t\t<\/div>\n\t\t\t\t\t<\/div>\n\t\t<\/div>\n\t\t\t\t<div class=\"elementor-column elementor-col-20 elementor-inner-column elementor-element elementor-element-438349c3\" data-id=\"438349c3\" data-element_type=\"column\">\n\t\t\t<div class=\"elementor-widget-wrap elementor-element-populated\">\n\t\t\t\t\t\t<div class=\"elementor-element elementor-element-18fc59f2 elementor-widget elementor-widget-spacer\" data-id=\"18fc59f2\" data-element_type=\"widget\" data-widget_type=\"spacer.default\">\n\t\t\t\t<div class=\"elementor-widget-container\">\n\t\t\t\t\t\t\t<div class=\"elementor-spacer\">\n\t\t\t<div class=\"elementor-spacer-inner\"><\/div>\n\t\t<\/div>\n\t\t\t\t\t\t<\/div>\n\t\t\t\t<\/div>\n\t\t\t\t\t<\/div>\n\t\t<\/div>\n\t\t\t\t<div class=\"elementor-column elementor-col-20 elementor-inner-column elementor-element elementor-element-337adc47\" data-id=\"337adc47\" data-element_type=\"column\">\n\t\t\t<div class=\"elementor-widget-wrap\">\n\t\t\t\t\t\t\t<\/div>\n\t\t<\/div>\n\t\t\t\t\t<\/div>\n\t\t<\/section>\n\t\t\t\t<div class=\"elementor-element elementor-element-bc1a8a9 elementor-widget elementor-widget-spacer\" data-id=\"bc1a8a9\" data-element_type=\"widget\" data-widget_type=\"spacer.default\">\n\t\t\t\t<div class=\"elementor-widget-container\">\n\t\t\t\t\t\t\t<div class=\"elementor-spacer\">\n\t\t\t<div class=\"elementor-spacer-inner\"><\/div>\n\t\t<\/div>\n\t\t\t\t\t\t<\/div>\n\t\t\t\t<\/div>\n\t\t\t\t<section class=\"elementor-section elementor-inner-section elementor-element elementor-element-a3d33df elementor-section-boxed elementor-section-height-default elementor-section-height-default\" data-id=\"a3d33df\" data-element_type=\"section\">\n\t\t\t\t\t\t<div class=\"elementor-container elementor-column-gap-default\">\n\t\t\t\t\t<div class=\"elementor-column elementor-col-20 elementor-inner-column elementor-element elementor-element-68e76b5\" data-id=\"68e76b5\" data-element_type=\"column\">\n\t\t\t<div class=\"elementor-widget-wrap\">\n\t\t\t\t\t\t\t<\/div>\n\t\t<\/div>\n\t\t\t\t<div class=\"elementor-column elementor-col-20 elementor-inner-column elementor-element elementor-element-02459fa\" data-id=\"02459fa\" data-element_type=\"column\">\n\t\t\t<div class=\"elementor-widget-wrap elementor-element-populated\">\n\t\t\t\t\t\t<div class=\"elementor-element elementor-element-a2790f9 elementor-widget elementor-widget-spacer\" data-id=\"a2790f9\" data-element_type=\"widget\" data-widget_type=\"spacer.default\">\n\t\t\t\t<div class=\"elementor-widget-container\">\n\t\t\t\t\t\t\t<div class=\"elementor-spacer\">\n\t\t\t<div class=\"elementor-spacer-inner\"><\/div>\n\t\t<\/div>\n\t\t\t\t\t\t<\/div>\n\t\t\t\t<\/div>\n\t\t\t\t\t<\/div>\n\t\t<\/div>\n\t\t\t\t<div class=\"elementor-column elementor-col-20 elementor-inner-column elementor-element elementor-element-164c436\" data-id=\"164c436\" data-element_type=\"column\">\n\t\t\t<div class=\"elementor-widget-wrap\">\n\t\t\t\t\t\t\t<\/div>\n\t\t<\/div>\n\t\t\t\t<div class=\"elementor-column elementor-col-20 elementor-inner-column elementor-element elementor-element-6197d8e\" data-id=\"6197d8e\" data-element_type=\"column\">\n\t\t\t<div class=\"elementor-widget-wrap elementor-element-populated\">\n\t\t\t\t\t\t<div class=\"elementor-element elementor-element-15a7736 elementor-widget elementor-widget-spacer\" data-id=\"15a7736\" data-element_type=\"widget\" data-widget_type=\"spacer.default\">\n\t\t\t\t<div class=\"elementor-widget-container\">\n\t\t\t\t\t\t\t<div class=\"elementor-spacer\">\n\t\t\t<div class=\"elementor-spacer-inner\"><\/div>\n\t\t<\/div>\n\t\t\t\t\t\t<\/div>\n\t\t\t\t<\/div>\n\t\t\t\t\t<\/div>\n\t\t<\/div>\n\t\t\t\t<div class=\"elementor-column elementor-col-20 elementor-inner-column elementor-element elementor-element-9af299d\" data-id=\"9af299d\" data-element_type=\"column\">\n\t\t\t<div class=\"elementor-widget-wrap\">\n\t\t\t\t\t\t\t<\/div>\n\t\t<\/div>\n\t\t\t\t\t<\/div>\n\t\t<\/section>\n\t\t\t\t<div class=\"elementor-element elementor-element-4f188302 elementor-widget elementor-widget-spacer\" data-id=\"4f188302\" data-element_type=\"widget\" data-widget_type=\"spacer.default\">\n\t\t\t\t<div class=\"elementor-widget-container\">\n\t\t\t\t\t\t\t<div class=\"elementor-spacer\">\n\t\t\t<div class=\"elementor-spacer-inner\"><\/div>\n\t\t<\/div>\n\t\t\t\t\t\t<\/div>\n\t\t\t\t<\/div>\n\t\t\t\t\t<\/div>\n\t\t<\/div>\n\t\t\t\t\t<\/div>\n\t\t<\/section>\n\t\t\t\t<\/div>","protected":false},"excerpt":{"rendered":"<p>FOCUS SUR NOS PARTENAIRES AFD L\u2019AFD est une institution financi\u00e8re publique qui met en \u0153uvre la politique de d\u00e9veloppement de la France, agit pour combattre la pauvret\u00e9 et favoriser le d\u00e9veloppement durable. L\u2019AFD est principal partenaire financier du Projet d\u2019appuis \u00e0 la mise en place des indications g\u00e9ographiques dans les Etats membres de l\u2019OAPI (PAMPIG).&hellip; <a class=\"more-link\" href=\"https:\/\/ig-oapi.org\/en\/partenaires\/\">Continue reading <span class=\"screen-reader-text\">partners<\/span><\/a><\/p>","protected":false},"author":1,"featured_media":0,"parent":0,"menu_order":0,"comment_status":"closed","ping_status":"closed","template":"elementor_header_footer","meta":{"footnotes":""},"class_list":["post-2111","page","type-page","status-publish","hentry","entry"],"yoast_head":"<!-- This site is optimized with the Yoast SEO plugin v21.7 - https:\/\/yoast.com\/wordpress\/plugins\/seo\/ -->\n<title>Partenaires - OAPI - Indications G\u00e9ographiques<\/title>\n<meta name=\"robots\" content=\"index, follow, max-snippet:-1, max-image-preview:large, max-video-preview:-1\" \/>\n<link rel=\"canonical\" href=\"https:\/\/ig-oapi.org\/en\/partenaires\/\" \/>\n<meta property=\"og:locale\" content=\"en_US\" \/>\n<meta property=\"og:type\" content=\"article\" \/>\n<meta property=\"og:title\" content=\"Partenaires - OAPI - Indications G\u00e9ographiques\" \/>\n<meta property=\"og:description\" content=\"FOCUS SUR NOS PARTENAIRES AFD L\u2019AFD est une institution financi\u00e8re publique qui met en \u0153uvre la politique de d\u00e9veloppement de la France, agit pour combattre la pauvret\u00e9 et favoriser le d\u00e9veloppement durable. L\u2019AFD est principal partenaire financier du Projet d\u2019appuis \u00e0 la mise en place des indications g\u00e9ographiques dans les Etats membres de l\u2019OAPI (PAMPIG).&hellip; Continue reading Partenaires\" \/>\n<meta property=\"og:url\" content=\"https:\/\/ig-oapi.org\/en\/partenaires\/\" \/>\n<meta property=\"og:site_name\" content=\"OAPI - Indications G\u00e9ographiques\" \/>\n<meta property=\"article:modified_time\" content=\"2023-04-24T17:03:09+00:00\" \/>\n<meta property=\"og:image\" content=\"https:\/\/ig-oapi.org\/wp-content\/uploads\/2022\/11\/AFD.jpg\" \/>\n<meta name=\"twitter:card\" content=\"summary_large_image\" \/>\n<meta name=\"twitter:label1\" content=\"Est. reading time\" \/>\n\t<meta name=\"twitter:data1\" content=\"2 minutes\" \/>\n<script type=\"application\/ld+json\" class=\"yoast-schema-graph\">{\"@context\":\"https:\/\/schema.org\",\"@graph\":[{\"@type\":\"WebPage\",\"@id\":\"https:\/\/ig-oapi.org\/partenaires\/\",\"url\":\"https:\/\/ig-oapi.org\/partenaires\/\",\"name\":\"Partenaires - OAPI - Indications G\u00e9ographiques\",\"isPartOf\":{\"@id\":\"https:\/\/ig-oapi.org\/#website\"},\"datePublished\":\"2023-02-25T12:53:57+00:00\",\"dateModified\":\"2023-04-24T17:03:09+00:00\",\"breadcrumb\":{\"@id\":\"https:\/\/ig-oapi.org\/partenaires\/#breadcrumb\"},\"inLanguage\":\"en-US\",\"potentialAction\":[{\"@type\":\"ReadAction\",\"target\":[\"https:\/\/ig-oapi.org\/partenaires\/\"]}]},{\"@type\":\"BreadcrumbList\",\"@id\":\"https:\/\/ig-oapi.org\/partenaires\/#breadcrumb\",\"itemListElement\":[{\"@type\":\"ListItem\",\"position\":1,\"name\":\"Accueil\",\"item\":\"https:\/\/ig-oapi.org\/\"},{\"@type\":\"ListItem\",\"position\":2,\"name\":\"Partenaires\"}]},{\"@type\":\"WebSite\",\"@id\":\"https:\/\/ig-oapi.org\/#website\",\"url\":\"https:\/\/ig-oapi.org\/\",\"name\":\"OAPI - Indications G\u00e9ographiques\",\"description\":\"Valoriser les richesses de nos terroirs\",\"publisher\":{\"@id\":\"https:\/\/ig-oapi.org\/#organization\"},\"potentialAction\":[{\"@type\":\"SearchAction\",\"target\":{\"@type\":\"EntryPoint\",\"urlTemplate\":\"https:\/\/ig-oapi.org\/?s={search_term_string}\"},\"query-input\":\"required name=search_term_string\"}],\"inLanguage\":\"en-US\"},{\"@type\":\"Organization\",\"@id\":\"https:\/\/ig-oapi.org\/#organization\",\"name\":\"Organisation Africain de la Propri\u00e9t\u00e9 Intellectuelle - PAMPIG\",\"alternateName\":\"Organisation Africain de la Propri\u00e9t\u00e9 Intellectuelle - PAMPIG\",\"url\":\"https:\/\/ig-oapi.org\/\",\"logo\":{\"@type\":\"ImageObject\",\"inLanguage\":\"en-US\",\"@id\":\"https:\/\/ig-oapi.org\/#\/schema\/logo\/image\/\",\"url\":\"https:\/\/ig-oapi.org\/wp-content\/uploads\/2023\/02\/Logos-OAPI_new_new.png\",\"contentUrl\":\"https:\/\/ig-oapi.org\/wp-content\/uploads\/2023\/02\/Logos-OAPI_new_new.png\",\"width\":6048,\"height\":2453,\"caption\":\"Organisation Africain de la Propri\u00e9t\u00e9 Intellectuelle - PAMPIG\"},\"image\":{\"@id\":\"https:\/\/ig-oapi.org\/#\/schema\/logo\/image\/\"}}]}<\/script>\n<!-- \/ Yoast SEO plugin. -->","yoast_head_json":{"title":"Partenaires - OAPI - Indications G\u00e9ographiques","robots":{"index":"index","follow":"follow","max-snippet":"max-snippet:-1","max-image-preview":"max-image-preview:large","max-video-preview":"max-video-preview:-1"},"canonical":"https:\/\/ig-oapi.org\/en\/partenaires\/","og_locale":"en_US","og_type":"article","og_title":"Partenaires - OAPI - Indications G\u00e9ographiques","og_description":"FOCUS SUR NOS PARTENAIRES AFD L\u2019AFD est une institution financi\u00e8re publique qui met en \u0153uvre la politique de d\u00e9veloppement de la France, agit pour combattre la pauvret\u00e9 et favoriser le d\u00e9veloppement durable. L\u2019AFD est principal partenaire financier du Projet d\u2019appuis \u00e0 la mise en place des indications g\u00e9ographiques dans les Etats membres de l\u2019OAPI (PAMPIG).&hellip; Continue reading Partenaires","og_url":"https:\/\/ig-oapi.org\/en\/partenaires\/","og_site_name":"OAPI - Indications G\u00e9ographiques","article_modified_time":"2023-04-24T17:03:09+00:00","og_image":[{"url":"https:\/\/ig-oapi.org\/wp-content\/uploads\/2022\/11\/AFD.jpg"}],"twitter_card":"summary_large_image","twitter_misc":{"Est. reading time":"2 minutes"},"schema":{"@context":"https:\/\/schema.org","@graph":[{"@type":"WebPage","@id":"https:\/\/ig-oapi.org\/partenaires\/","url":"https:\/\/ig-oapi.org\/partenaires\/","name":"Partenaires - OAPI - Indications G\u00e9ographiques","isPartOf":{"@id":"https:\/\/ig-oapi.org\/#website"},"datePublished":"2023-02-25T12:53:57+00:00","dateModified":"2023-04-24T17:03:09+00:00","breadcrumb":{"@id":"https:\/\/ig-oapi.org\/partenaires\/#breadcrumb"},"inLanguage":"en-US","potentialAction":[{"@type":"ReadAction","target":["https:\/\/ig-oapi.org\/partenaires\/"]}]},{"@type":"BreadcrumbList","@id":"https:\/\/ig-oapi.org\/partenaires\/#breadcrumb","itemListElement":[{"@type":"ListItem","position":1,"name":"Accueil","item":"https:\/\/ig-oapi.org\/"},{"@type":"ListItem","position":2,"name":"Partenaires"}]},{"@type":"WebSite","@id":"https:\/\/ig-oapi.org\/#website","url":"https:\/\/ig-oapi.org\/","name":"OAPI - Indications G\u00e9ographiques","description":"Valoriser les richesses de nos terroirs","publisher":{"@id":"https:\/\/ig-oapi.org\/#organization"},"potentialAction":[{"@type":"SearchAction","target":{"@type":"EntryPoint","urlTemplate":"https:\/\/ig-oapi.org\/?s={search_term_string}"},"query-input":"required name=search_term_string"}],"inLanguage":"en-US"},{"@type":"Organization","@id":"https:\/\/ig-oapi.org\/#organization","name":"Organisation Africain de la Propri\u00e9t\u00e9 Intellectuelle - PAMPIG","alternateName":"Organisation Africain de la Propri\u00e9t\u00e9 Intellectuelle - PAMPIG","url":"https:\/\/ig-oapi.org\/","logo":{"@type":"ImageObject","inLanguage":"en-US","@id":"https:\/\/ig-oapi.org\/#\/schema\/logo\/image\/","url":"https:\/\/ig-oapi.org\/wp-content\/uploads\/2023\/02\/Logos-OAPI_new_new.png","contentUrl":"https:\/\/ig-oapi.org\/wp-content\/uploads\/2023\/02\/Logos-OAPI_new_new.png","width":6048,"height":2453,"caption":"Organisation Africain de la Propri\u00e9t\u00e9 Intellectuelle - PAMPIG"},"image":{"@id":"https:\/\/ig-oapi.org\/#\/schema\/logo\/image\/"}}]}},"_links":{"self":[{"href":"https:\/\/ig-oapi.org\/en\/wp-json\/wp\/v2\/pages\/2111","targetHints":{"allow":["GET"]}}],"collection":[{"href":"https:\/\/ig-oapi.org\/en\/wp-json\/wp\/v2\/pages"}],"about":[{"href":"https:\/\/ig-oapi.org\/en\/wp-json\/wp\/v2\/types\/page"}],"author":[{"embeddable":true,"href":"https:\/\/ig-oapi.org\/en\/wp-json\/wp\/v2\/users\/1"}],"replies":[{"embeddable":true,"href":"https:\/\/ig-oapi.org\/en\/wp-json\/wp\/v2\/comments?post=2111"}],"version-history":[{"count":0,"href":"https:\/\/ig-oapi.org\/en\/wp-json\/wp\/v2\/pages\/2111\/revisions"}],"wp:attachment":[{"href":"https:\/\/ig-oapi.org\/en\/wp-json\/wp\/v2\/media?parent=2111"}],"curies":[{"name":"wp","href":"https:\/\/api.w.org\/{rel}","templated":true}]}}