{"id":244,"date":"2022-01-27T17:53:26","date_gmt":"2022-01-27T16:53:26","guid":{"rendered":"http:\/\/ig-oapi.org\/?page_id=244"},"modified":"2023-04-25T17:44:22","modified_gmt":"2023-04-25T15:44:22","slug":"indications-geographiques","status":"publish","type":"page","link":"https:\/\/ig-oapi.org\/en\/indications-geographiques\/","title":{"rendered":"Geographical Indications"},"content":{"rendered":"<div data-elementor-type=\"wp-page\" data-elementor-id=\"244\" class=\"elementor elementor-244\">\n\t\t\t\t\t\t<section class=\"elementor-section elementor-top-section elementor-element elementor-element-f8ac42c elementor-section-height-min-height elementor-section-content-top elementor-section-boxed elementor-section-height-default elementor-section-items-middle\" data-id=\"f8ac42c\" data-element_type=\"section\" data-settings=\"{&quot;background_background&quot;:&quot;slideshow&quot;,&quot;background_slideshow_gallery&quot;:[{&quot;id&quot;:2320,&quot;url&quot;:&quot;http:\\\/\\\/ig-oapi.org\\\/wp-content\\\/uploads\\\/2023\\\/02\\\/4-scaled.jpg&quot;}],&quot;background_slideshow_ken_burns&quot;:&quot;yes&quot;,&quot;background_slideshow_loop&quot;:&quot;yes&quot;,&quot;background_slideshow_slide_duration&quot;:5000,&quot;background_slideshow_slide_transition&quot;:&quot;fade&quot;,&quot;background_slideshow_transition_duration&quot;:500,&quot;background_slideshow_ken_burns_zoom_direction&quot;:&quot;in&quot;}\">\n\t\t\t\t\t\t<div class=\"elementor-container elementor-column-gap-default\">\n\t\t\t\t\t<div class=\"elementor-column elementor-col-100 elementor-top-column elementor-element elementor-element-d896ea6\" data-id=\"d896ea6\" data-element_type=\"column\">\n\t\t\t<div class=\"elementor-widget-wrap\">\n\t\t\t\t\t\t\t<\/div>\n\t\t<\/div>\n\t\t\t\t\t<\/div>\n\t\t<\/section>\n\t\t\t\t<section class=\"elementor-section elementor-top-section elementor-element elementor-element-45fb3102 elementor-section-boxed elementor-section-height-default elementor-section-height-default\" data-id=\"45fb3102\" data-element_type=\"section\">\n\t\t\t\t\t\t<div class=\"elementor-container elementor-column-gap-default\">\n\t\t\t\t\t<div class=\"elementor-column elementor-col-100 elementor-top-column elementor-element elementor-element-5e008aba\" data-id=\"5e008aba\" data-element_type=\"column\">\n\t\t\t<div class=\"elementor-widget-wrap elementor-element-populated\">\n\t\t\t\t\t\t<section class=\"elementor-section elementor-inner-section elementor-element elementor-element-40f442f5 elementor-section-boxed elementor-section-height-default elementor-section-height-default\" data-id=\"40f442f5\" data-element_type=\"section\">\n\t\t\t\t\t\t<div class=\"elementor-container elementor-column-gap-default\">\n\t\t\t\t\t<div class=\"elementor-column elementor-col-50 elementor-inner-column elementor-element elementor-element-6ee09086\" data-id=\"6ee09086\" data-element_type=\"column\">\n\t\t\t<div class=\"elementor-widget-wrap elementor-element-populated\">\n\t\t\t\t\t\t<div class=\"elementor-element elementor-element-9f15827 elementor-widget elementor-widget-spacer\" data-id=\"9f15827\" data-element_type=\"widget\" data-widget_type=\"spacer.default\">\n\t\t\t\t<div class=\"elementor-widget-container\">\n\t\t\t\t\t\t\t<div class=\"elementor-spacer\">\n\t\t\t<div class=\"elementor-spacer-inner\"><\/div>\n\t\t<\/div>\n\t\t\t\t\t\t<\/div>\n\t\t\t\t<\/div>\n\t\t\t\t<div class=\"elementor-element elementor-element-73f2476f elementor-view-default elementor-widget elementor-widget-icon\" data-id=\"73f2476f\" data-element_type=\"widget\" data-widget_type=\"icon.default\">\n\t\t\t\t<div class=\"elementor-widget-container\">\n\t\t\t\t\t\t\t<div class=\"elementor-icon-wrapper\">\n\t\t\t<div class=\"elementor-icon\">\n\t\t\t<i aria-hidden=\"true\" class=\"fas fa-paper-plane\"><\/i>\t\t\t<\/div>\n\t\t<\/div>\n\t\t\t\t\t\t<\/div>\n\t\t\t\t<\/div>\n\t\t\t\t\t<\/div>\n\t\t<\/div>\n\t\t\t\t<div class=\"elementor-column elementor-col-50 elementor-inner-column elementor-element elementor-element-621b8187\" data-id=\"621b8187\" data-element_type=\"column\">\n\t\t\t<div class=\"elementor-widget-wrap elementor-element-populated\">\n\t\t\t\t\t\t<div class=\"elementor-element elementor-element-2fd0351b elementor-widget elementor-widget-heading\" data-id=\"2fd0351b\" data-element_type=\"widget\" data-widget_type=\"heading.default\">\n\t\t\t\t<div class=\"elementor-widget-container\">\n\t\t\t\t\t<h2 class=\"elementor-heading-title elementor-size-default\">ABOUT GEOGRAPHICAL INDICATIONS <br> Geographical<\/h2>\t\t\t\t<\/div>\n\t\t\t\t<\/div>\n\t\t\t\t\t<\/div>\n\t\t<\/div>\n\t\t\t\t\t<\/div>\n\t\t<\/section>\n\t\t\t\t\t<\/div>\n\t\t<\/div>\n\t\t\t\t\t<\/div>\n\t\t<\/section>\n\t\t\t\t<section class=\"elementor-section elementor-top-section elementor-element elementor-element-377ba99a elementor-section-full_width elementor-section-height-default elementor-section-height-default\" data-id=\"377ba99a\" data-element_type=\"section\">\n\t\t\t\t\t\t<div class=\"elementor-container elementor-column-gap-wider\">\n\t\t\t\t\t<div class=\"elementor-column elementor-col-33 elementor-top-column elementor-element elementor-element-1c6013bd\" data-id=\"1c6013bd\" data-element_type=\"column\" data-settings=\"{&quot;background_background&quot;:&quot;classic&quot;}\">\n\t\t\t<div class=\"elementor-widget-wrap elementor-element-populated\">\n\t\t\t\t\t\t<section class=\"elementor-section elementor-inner-section elementor-element elementor-element-386a05b elementor-section-boxed elementor-section-height-default elementor-section-height-default\" data-id=\"386a05b\" data-element_type=\"section\">\n\t\t\t\t\t\t<div class=\"elementor-container elementor-column-gap-default\">\n\t\t\t\t\t<div class=\"elementor-column elementor-col-50 elementor-inner-column elementor-element elementor-element-7a456b9\" data-id=\"7a456b9\" data-element_type=\"column\">\n\t\t\t<div class=\"elementor-widget-wrap\">\n\t\t\t\t\t\t\t<\/div>\n\t\t<\/div>\n\t\t\t\t<div class=\"elementor-column elementor-col-50 elementor-inner-column elementor-element elementor-element-a7c1c26\" data-id=\"a7c1c26\" data-element_type=\"column\">\n\t\t\t<div class=\"elementor-widget-wrap elementor-element-populated\">\n\t\t\t\t\t\t<div class=\"elementor-element elementor-element-c5beac2 elementor-widget elementor-widget-text-editor\" data-id=\"c5beac2\" data-element_type=\"widget\" data-widget_type=\"text-editor.default\">\n\t\t\t\t<div class=\"elementor-widget-container\">\n\t\t\t\t\t\t\t\t\t<ul style=\"padding-left: calc(2 * var(--global--spacing-horizontal)); font-family: 'Mont serrat', sans-serif !important;\"><li><h2>\u2022\tConcept of Geographical Indications<\/h2><\/li><\/ul><p>GIs are a specific category of intellectual property rights. They are classified in the same way as copyright, patents, trademarks and service marks.<\/p><p>On the other hand, they concern the protection of product names that have a geographical origin and possess qualities, notoriety or characteristics that can be attributed essentially to that geographical origin. In most cases, a geographical indication contains the name of the product's place of origin. Geographical indications necessarily refer to the place of origin of the products to which they refer.<\/p><p>Geographical indications include designations of origin. These refer to a traditional designation used on products with a particular quality or characteristics due essentially to the geographical environment in which they are produced.<\/p><p>While designations of origin can only relate to agricultural products, geographical indications cover a wider spectrum of products, including both agricultural and non-agricultural products.<\/p><p>In OAPI member states, geographical indications are governed by Annex VI of the Bangui Agreement. There are also implementing texts for this Annex, such as the regulations on the reproduction, use and management of geographical indications protected by OAPI.\u00a0<\/p><ul><li><h2><strong>\u2022\tImportance of GIs<\/strong><\/h2><\/li><\/ul><p>A Geographical Indication highlights a place or region of production that determines the characteristic qualities of the product originating there. It is important that the product derives its qualities and reputation from this place.<\/p><p>For consumers, this mechanism serves to determine the origin and quality of products. Many of them have acquired considerable renown which, if not properly protected, can be misrepresented by dishonest commercial operators. For legitimate producers, these illicit uses represent a loss of profit from lucrative commercial operations.<\/p><ul><li><h2><strong>\u2022\tSome examples of GIs protected at OAPI<a href=\"http:\/\/www.oapi.int\/index.php\/fr\/\">OAPI<\/a>\u00a0<\/strong><\/h2><\/li><\/ul><p>Penja pepper; Champagne; Scotch Whisky; Cognac; Basmati rice; Macenta ziama coffee; Oku white honey; Sugar loaf pineapple from the Plateau d'Allada-Benin; Kilichi from Niger; Galmi purple onion; Bandiagara shallot.<\/p><p>The Sapon\u00e9 hat (Burkina Faso) is the first artisanal geographical indication to be protected by OAPI.<\/p>\t\t\t\t\t\t\t\t<\/div>\n\t\t\t\t<\/div>\n\t\t\t\t\t<\/div>\n\t\t<\/div>\n\t\t\t\t\t<\/div>\n\t\t<\/section>\n\t\t\t\t\t<\/div>\n\t\t<\/div>\n\t\t\t\t<div class=\"elementor-column elementor-col-33 elementor-top-column elementor-element elementor-element-31b1729\" data-id=\"31b1729\" data-element_type=\"column\" data-settings=\"{&quot;background_background&quot;:&quot;classic&quot;}\">\n\t\t\t<div class=\"elementor-widget-wrap elementor-element-populated\">\n\t\t\t\t\t\t<section class=\"elementor-section elementor-inner-section elementor-element elementor-element-c93edee elementor-section-boxed elementor-section-height-default elementor-section-height-default\" data-id=\"c93edee\" data-element_type=\"section\">\n\t\t\t\t\t\t<div class=\"elementor-container elementor-column-gap-default\">\n\t\t\t\t\t<div class=\"elementor-column elementor-col-100 elementor-inner-column elementor-element elementor-element-5a1c3c7\" data-id=\"5a1c3c7\" data-element_type=\"column\" data-settings=\"{&quot;background_background&quot;:&quot;classic&quot;}\">\n\t\t\t<div class=\"elementor-widget-wrap elementor-element-populated\">\n\t\t\t\t\t\t<div class=\"elementor-element elementor-element-17f3908 elementor-widget elementor-widget-image\" data-id=\"17f3908\" data-element_type=\"widget\" data-widget_type=\"image.default\">\n\t\t\t\t<div class=\"elementor-widget-container\">\n\t\t\t\t\t\t\t\t\t\t\t\t\t\t\t\t<a href=\"http:\/\/www.oapi.int\/index.php\/fr\/\">\n\t\t\t\t\t\t\t<img fetchpriority=\"high\" decoding=\"async\" width=\"512\" height=\"512\" src=\"https:\/\/ig-oapi.org\/wp-content\/uploads\/2022\/01\/logo-IGP-01@2x.png\" class=\"attachment-large size-large wp-image-32\" alt=\"Logo de l&#039;OAPI sur les Indications G\u00e9ographiques qu&#039;elle prot\u00e8ge\" srcset=\"https:\/\/ig-oapi.org\/wp-content\/uploads\/2022\/01\/logo-IGP-01@2x.png 512w, https:\/\/ig-oapi.org\/wp-content\/uploads\/2022\/01\/logo-IGP-01@2x-300x300.png 300w, https:\/\/ig-oapi.org\/wp-content\/uploads\/2022\/01\/logo-IGP-01@2x-150x150.png 150w, https:\/\/ig-oapi.org\/wp-content\/uploads\/2022\/01\/elementor\/thumbs\/logo-IGP-01@2x-pwhlt1uugj57hqn4w7gm7o6rvv8utfr65j6ouan0mg.png 100w\" sizes=\"(max-width: 512px) 100vw, 512px\" style=\"width:100%;height:100%;max-width:512px\" \/>\t\t\t\t\t\t\t\t<\/a>\n\t\t\t\t\t\t\t\t\t\t\t\t\t\t\t<\/div>\n\t\t\t\t<\/div>\n\t\t\t\t\t<\/div>\n\t\t<\/div>\n\t\t\t\t\t<\/div>\n\t\t<\/section>\n\t\t\t\t<section class=\"elementor-section elementor-inner-section elementor-element elementor-element-3ab1398 elementor-section-boxed elementor-section-height-default elementor-section-height-default\" data-id=\"3ab1398\" data-element_type=\"section\">\n\t\t\t\t\t\t<div class=\"elementor-container elementor-column-gap-default\">\n\t\t\t\t\t<div class=\"elementor-column elementor-col-100 elementor-inner-column elementor-element elementor-element-175599d\" data-id=\"175599d\" data-element_type=\"column\">\n\t\t\t<div class=\"elementor-widget-wrap elementor-element-populated\">\n\t\t\t\t\t\t<div class=\"elementor-element elementor-element-a996fd0 elementor-widget elementor-widget-image\" data-id=\"a996fd0\" data-element_type=\"widget\" data-widget_type=\"image.default\">\n\t\t\t\t<div class=\"elementor-widget-container\">\n\t\t\t\t\t\t\t\t\t\t\t\t\t\t\t\t<a href=\"\/en\/indications-geographiques-protegees\/\">\n\t\t\t\t\t\t\t<img decoding=\"async\" width=\"750\" height=\"563\" src=\"https:\/\/ig-oapi.org\/wp-content\/uploads\/2023\/02\/Baniere_Indications-geographiques2-1024x768.jpg\" class=\"attachment-large size-large wp-image-1979\" alt=\"indications g\u00e9ographiques : C\u00e9r\u00e9monie de remise du logo aux producteurs\" srcset=\"https:\/\/ig-oapi.org\/wp-content\/uploads\/2023\/02\/Baniere_Indications-geographiques2-1024x768.jpg 1024w, https:\/\/ig-oapi.org\/wp-content\/uploads\/2023\/02\/Baniere_Indications-geographiques2-300x225.jpg 300w, https:\/\/ig-oapi.org\/wp-content\/uploads\/2023\/02\/Baniere_Indications-geographiques2-768x576.jpg 768w, https:\/\/ig-oapi.org\/wp-content\/uploads\/2023\/02\/Baniere_Indications-geographiques2-16x12.jpg 16w, https:\/\/ig-oapi.org\/wp-content\/uploads\/2023\/02\/Baniere_Indications-geographiques2.jpg 1152w\" sizes=\"(max-width: 750px) 100vw, 750px\" style=\"width:100%;height:75%;max-width:1152px\" \/>\t\t\t\t\t\t\t\t<\/a>\n\t\t\t\t\t\t\t\t\t\t\t\t\t\t\t<\/div>\n\t\t\t\t<\/div>\n\t\t\t\t\t<\/div>\n\t\t<\/div>\n\t\t\t\t\t<\/div>\n\t\t<\/section>\n\t\t\t\t\t<\/div>\n\t\t<\/div>\n\t\t\t\t<div class=\"elementor-column elementor-col-33 elementor-top-column elementor-element elementor-element-28d24aa\" data-id=\"28d24aa\" data-element_type=\"column\">\n\t\t\t<div class=\"elementor-widget-wrap\">\n\t\t\t\t\t\t\t<\/div>\n\t\t<\/div>\n\t\t\t\t\t<\/div>\n\t\t<\/section>\n\t\t\t\t<\/div>","protected":false},"excerpt":{"rendered":"<p>\u00c0 PROPOS DES INDICATIONS G\u00c9OGRAPHIQUES Concept d&rsquo;Indications G\u00e9ographiques Les IG constituent une cat\u00e9gorie sp\u00e9cifique de droits de la propri\u00e9t\u00e9 intellectuelle. Elles sont class\u00e9es au m\u00eame titre que le droit d\u2019auteur, les brevets d\u2019invention, les marques de produits ou de service. Par ailleurs, elles portent sur la protection des noms de produits qui ont une origine&hellip; <a class=\"more-link\" href=\"https:\/\/ig-oapi.org\/en\/indications-geographiques\/\">Continue reading <span class=\"screen-reader-text\">Geographical Indications<\/span><\/a><\/p>","protected":false},"author":1,"featured_media":0,"parent":0,"menu_order":0,"comment_status":"closed","ping_status":"closed","template":"elementor_header_footer","meta":{"footnotes":""},"class_list":["post-244","page","type-page","status-publish","hentry","entry"],"yoast_head":"<!-- This site is optimized with the Yoast SEO plugin v21.7 - https:\/\/yoast.com\/wordpress\/plugins\/seo\/ -->\n<title>Indications G\u00e9ographiques - OAPI - Indications G\u00e9ographiques<\/title>\n<meta name=\"robots\" content=\"index, follow, max-snippet:-1, max-image-preview:large, max-video-preview:-1\" \/>\n<link rel=\"canonical\" href=\"https:\/\/ig-oapi.org\/en\/indications-geographiques\/\" \/>\n<meta property=\"og:locale\" content=\"en_US\" \/>\n<meta property=\"og:type\" content=\"article\" \/>\n<meta property=\"og:title\" content=\"Indications G\u00e9ographiques - OAPI - Indications G\u00e9ographiques\" \/>\n<meta property=\"og:description\" content=\"\u00c0 PROPOS DES INDICATIONS G\u00c9OGRAPHIQUES Concept d&rsquo;Indications G\u00e9ographiques Les IG constituent une cat\u00e9gorie sp\u00e9cifique de droits de la propri\u00e9t\u00e9 intellectuelle. Elles sont class\u00e9es au m\u00eame titre que le droit d\u2019auteur, les brevets d\u2019invention, les marques de produits ou de service. Par ailleurs, elles portent sur la protection des noms de produits qui ont une origine&hellip; Continue reading Indications G\u00e9ographiques\" \/>\n<meta property=\"og:url\" content=\"https:\/\/ig-oapi.org\/en\/indications-geographiques\/\" \/>\n<meta property=\"og:site_name\" content=\"OAPI - Indications G\u00e9ographiques\" \/>\n<meta property=\"article:modified_time\" content=\"2023-04-25T15:44:22+00:00\" \/>\n<meta property=\"og:image\" content=\"https:\/\/ig-oapi.org\/wp-content\/uploads\/2022\/01\/logo-IGP-01@2x.png\" \/>\n<meta name=\"twitter:card\" content=\"summary_large_image\" \/>\n<meta name=\"twitter:label1\" content=\"Est. reading time\" \/>\n\t<meta name=\"twitter:data1\" content=\"3 minutes\" \/>\n<script type=\"application\/ld+json\" class=\"yoast-schema-graph\">{\"@context\":\"https:\/\/schema.org\",\"@graph\":[{\"@type\":\"WebPage\",\"@id\":\"https:\/\/ig-oapi.org\/indications-geographiques\/\",\"url\":\"https:\/\/ig-oapi.org\/indications-geographiques\/\",\"name\":\"Indications G\u00e9ographiques - OAPI - Indications G\u00e9ographiques\",\"isPartOf\":{\"@id\":\"https:\/\/ig-oapi.org\/#website\"},\"datePublished\":\"2022-01-27T16:53:26+00:00\",\"dateModified\":\"2023-04-25T15:44:22+00:00\",\"breadcrumb\":{\"@id\":\"https:\/\/ig-oapi.org\/indications-geographiques\/#breadcrumb\"},\"inLanguage\":\"en-US\",\"potentialAction\":[{\"@type\":\"ReadAction\",\"target\":[\"https:\/\/ig-oapi.org\/indications-geographiques\/\"]}]},{\"@type\":\"BreadcrumbList\",\"@id\":\"https:\/\/ig-oapi.org\/indications-geographiques\/#breadcrumb\",\"itemListElement\":[{\"@type\":\"ListItem\",\"position\":1,\"name\":\"Accueil\",\"item\":\"https:\/\/ig-oapi.org\/\"},{\"@type\":\"ListItem\",\"position\":2,\"name\":\"Indications G\u00e9ographiques\"}]},{\"@type\":\"WebSite\",\"@id\":\"https:\/\/ig-oapi.org\/#website\",\"url\":\"https:\/\/ig-oapi.org\/\",\"name\":\"OAPI - Indications G\u00e9ographiques\",\"description\":\"Valoriser les richesses de nos terroirs\",\"publisher\":{\"@id\":\"https:\/\/ig-oapi.org\/#organization\"},\"potentialAction\":[{\"@type\":\"SearchAction\",\"target\":{\"@type\":\"EntryPoint\",\"urlTemplate\":\"https:\/\/ig-oapi.org\/?s={search_term_string}\"},\"query-input\":\"required name=search_term_string\"}],\"inLanguage\":\"en-US\"},{\"@type\":\"Organization\",\"@id\":\"https:\/\/ig-oapi.org\/#organization\",\"name\":\"Organisation Africain de la Propri\u00e9t\u00e9 Intellectuelle - PAMPIG\",\"alternateName\":\"Organisation Africain de la Propri\u00e9t\u00e9 Intellectuelle - PAMPIG\",\"url\":\"https:\/\/ig-oapi.org\/\",\"logo\":{\"@type\":\"ImageObject\",\"inLanguage\":\"en-US\",\"@id\":\"https:\/\/ig-oapi.org\/#\/schema\/logo\/image\/\",\"url\":\"https:\/\/ig-oapi.org\/wp-content\/uploads\/2023\/02\/Logos-OAPI_new_new.png\",\"contentUrl\":\"https:\/\/ig-oapi.org\/wp-content\/uploads\/2023\/02\/Logos-OAPI_new_new.png\",\"width\":6048,\"height\":2453,\"caption\":\"Organisation Africain de la Propri\u00e9t\u00e9 Intellectuelle - PAMPIG\"},\"image\":{\"@id\":\"https:\/\/ig-oapi.org\/#\/schema\/logo\/image\/\"}}]}<\/script>\n<!-- \/ Yoast SEO plugin. -->","yoast_head_json":{"title":"Indications G\u00e9ographiques - OAPI - Indications G\u00e9ographiques","robots":{"index":"index","follow":"follow","max-snippet":"max-snippet:-1","max-image-preview":"max-image-preview:large","max-video-preview":"max-video-preview:-1"},"canonical":"https:\/\/ig-oapi.org\/en\/indications-geographiques\/","og_locale":"en_US","og_type":"article","og_title":"Indications G\u00e9ographiques - OAPI - Indications G\u00e9ographiques","og_description":"\u00c0 PROPOS DES INDICATIONS G\u00c9OGRAPHIQUES Concept d&rsquo;Indications G\u00e9ographiques Les IG constituent une cat\u00e9gorie sp\u00e9cifique de droits de la propri\u00e9t\u00e9 intellectuelle. Elles sont class\u00e9es au m\u00eame titre que le droit d\u2019auteur, les brevets d\u2019invention, les marques de produits ou de service. Par ailleurs, elles portent sur la protection des noms de produits qui ont une origine&hellip; Continue reading Indications G\u00e9ographiques","og_url":"https:\/\/ig-oapi.org\/en\/indications-geographiques\/","og_site_name":"OAPI - Indications G\u00e9ographiques","article_modified_time":"2023-04-25T15:44:22+00:00","og_image":[{"url":"https:\/\/ig-oapi.org\/wp-content\/uploads\/2022\/01\/logo-IGP-01@2x.png"}],"twitter_card":"summary_large_image","twitter_misc":{"Est. reading time":"3 minutes"},"schema":{"@context":"https:\/\/schema.org","@graph":[{"@type":"WebPage","@id":"https:\/\/ig-oapi.org\/indications-geographiques\/","url":"https:\/\/ig-oapi.org\/indications-geographiques\/","name":"Indications G\u00e9ographiques - OAPI - Indications G\u00e9ographiques","isPartOf":{"@id":"https:\/\/ig-oapi.org\/#website"},"datePublished":"2022-01-27T16:53:26+00:00","dateModified":"2023-04-25T15:44:22+00:00","breadcrumb":{"@id":"https:\/\/ig-oapi.org\/indications-geographiques\/#breadcrumb"},"inLanguage":"en-US","potentialAction":[{"@type":"ReadAction","target":["https:\/\/ig-oapi.org\/indications-geographiques\/"]}]},{"@type":"BreadcrumbList","@id":"https:\/\/ig-oapi.org\/indications-geographiques\/#breadcrumb","itemListElement":[{"@type":"ListItem","position":1,"name":"Accueil","item":"https:\/\/ig-oapi.org\/"},{"@type":"ListItem","position":2,"name":"Indications G\u00e9ographiques"}]},{"@type":"WebSite","@id":"https:\/\/ig-oapi.org\/#website","url":"https:\/\/ig-oapi.org\/","name":"OAPI - Indications G\u00e9ographiques","description":"Valoriser les richesses de nos terroirs","publisher":{"@id":"https:\/\/ig-oapi.org\/#organization"},"potentialAction":[{"@type":"SearchAction","target":{"@type":"EntryPoint","urlTemplate":"https:\/\/ig-oapi.org\/?s={search_term_string}"},"query-input":"required name=search_term_string"}],"inLanguage":"en-US"},{"@type":"Organization","@id":"https:\/\/ig-oapi.org\/#organization","name":"Organisation Africain de la Propri\u00e9t\u00e9 Intellectuelle - PAMPIG","alternateName":"Organisation Africain de la Propri\u00e9t\u00e9 Intellectuelle - PAMPIG","url":"https:\/\/ig-oapi.org\/","logo":{"@type":"ImageObject","inLanguage":"en-US","@id":"https:\/\/ig-oapi.org\/#\/schema\/logo\/image\/","url":"https:\/\/ig-oapi.org\/wp-content\/uploads\/2023\/02\/Logos-OAPI_new_new.png","contentUrl":"https:\/\/ig-oapi.org\/wp-content\/uploads\/2023\/02\/Logos-OAPI_new_new.png","width":6048,"height":2453,"caption":"Organisation Africain de la Propri\u00e9t\u00e9 Intellectuelle - PAMPIG"},"image":{"@id":"https:\/\/ig-oapi.org\/#\/schema\/logo\/image\/"}}]}},"_links":{"self":[{"href":"https:\/\/ig-oapi.org\/en\/wp-json\/wp\/v2\/pages\/244","targetHints":{"allow":["GET"]}}],"collection":[{"href":"https:\/\/ig-oapi.org\/en\/wp-json\/wp\/v2\/pages"}],"about":[{"href":"https:\/\/ig-oapi.org\/en\/wp-json\/wp\/v2\/types\/page"}],"author":[{"embeddable":true,"href":"https:\/\/ig-oapi.org\/en\/wp-json\/wp\/v2\/users\/1"}],"replies":[{"embeddable":true,"href":"https:\/\/ig-oapi.org\/en\/wp-json\/wp\/v2\/comments?post=244"}],"version-history":[{"count":0,"href":"https:\/\/ig-oapi.org\/en\/wp-json\/wp\/v2\/pages\/244\/revisions"}],"wp:attachment":[{"href":"https:\/\/ig-oapi.org\/en\/wp-json\/wp\/v2\/media?parent=244"}],"curies":[{"name":"wp","href":"https:\/\/api.w.org\/{rel}","templated":true}]}}